{"id":80,"date":"2012-07-30T11:14:00","date_gmt":"2012-07-30T09:14:00","guid":{"rendered":"http:\/\/staniszewski-kancelaria.pl\/blog\/?page_id=80"},"modified":"2025-11-26T08:42:01","modified_gmt":"2025-11-26T07:42:01","slug":"kontakt","status":"publish","type":"page","link":"https:\/\/www.staniszewski-kancelaria.pl\/blog\/kontakt\/","title":{"rendered":"Kontakt"},"content":{"rendered":"<h3>Adwokat Dariusz Staniszewski Kancelaria Adwokacka Warszawa<\/h3>\n<p><i class=\"fa fa-map-marker\" aria-hidden=\"true\"><\/i> ul. Ludna 2 lok. 501, 00-406 Warszawa<\/p>\n<p><i class=\"fa fa-phone\" aria-hidden=\"true\"><\/i> <a href=\"tel:+48221625110\">Telefon: 22 162 51 10<\/a><\/p>\n<p><i class=\"fa fa-phone\" aria-hidden=\"true\"><\/i> <a href=\"tel:+48605131260\">Telefon: 605 131 260<\/a><\/p>\n<p><i class=\"fa fa-envelope-o\" aria-hidden=\"true\"><\/i> <a href=\"mailto:dariusz.staniszewski@adwokatura.pl\">dariusz.staniszewski@adwokatura.pl<\/a><\/p>\n<p><i class=\"fa fa-envelope-o\" aria-hidden=\"true\"><\/i> <a href=\"https:\/\/www.staniszewski-kancelaria.pl\">www.staniszewski-kancelaria.pl<\/a><\/p>\n<p>                                    <iframe loading=\"lazy\" src=\"https:\/\/mapy.google.pl\/maps?f=q&amp;source=s_q&amp;hl=pl&amp;geocode=&amp;q=Staniszewski+Dariusz,+adwokat.+Kancelaria,+Solec,+Warszawa&amp;aq=0&amp;oq=staniszewski&amp;sll=52.229508,21.039526&amp;sspn=0.01012,0.01929&amp;ie=UTF8&amp;hq=Staniszewski+Dariusz,+adwokat.+Kancelaria,&amp;hnear=Solec,+Warszawa,+Mazowieckie&amp;t=m&amp;cid=10582438437907896859&amp;ll=52.23529,21.03281&amp;spn=0.009199,0.025749&amp;z=15&amp;iwloc=A&amp;output=embed\" width=\"100%\" height=\"350\" frameborder=\"0\" marginwidth=\"0\" marginheight=\"0\" scrolling=\"no\"><\/iframe><\/p>\n<div class=\"row no-gutters full-width\">\n<div class=\"col-lg-6 col-md-6 col-sm-6 col-xs-12\">\n<div class=\"about-layout2 overlay-dark\" style=\"background-image: url('https:\/\/www.staniszewski-kancelaria.pl\/blog\/wp-content\/themes\/elkomtel\/img\/start-windykacja-naleznosci.jpg');\">\n<div class=\"item-content\">\n<h3>E-porada<br \/>prawna<\/h3>\n<p>Porada prawna bez wychodzenia z domu. Minimum formalno\u015bci.<\/p>\n<p>                            <a class=\"btn-fill-textprimary\" href=\"https:\/\/staniszewski-kancelaria.pl\/windykacja.html\" target=\"_blank\" rel=\"noopener\">sprawd\u017a, od czego zacz\u0105\u0107<\/a>\n                        <\/div>\n<\/p><\/div>\n<\/p><\/div>\n<div class=\"col-lg-6 col-md-6 col-sm-6 col-xs-12\">\n<div class=\"about-layout2 overlay-primary\" style=\"background-image: url('https:\/\/www.staniszewski-kancelaria.pl\/blog\/wp-content\/themes\/elkomtel\/img\/start-wycena-windykacji.jpg');\">\n<div class=\"item-content\">\n<h3>Bezp\u0142atna wycena windykacji<\/h3>\n<p>Wyce\u0144 koszty odzyskania swojej wierzytelno\u015bci nie wychodz\u0105c z domu.\n<\/p>\n<p>                            <a class=\"btn-fill-textprimary\" href=\"https:\/\/staniszewski-kancelaria.pl\/wycena-windykacji.html\" target=\"_blank\" rel=\"noopener\">Wype\u0142nij formularz<\/a>\n                        <\/div>\n<\/p><\/div>\n<\/p><\/div>\n<\/p><\/div>\n","protected":false},"excerpt":{"rendered":"<p>Adwokat Dariusz Staniszewski Kancelaria Adwokacka Warszawa ul. Ludna 2 lok. 501, 00-406 Warszawa Telefon: 22 162 51 10 Telefon: 605 131 260 dariusz.staniszewski@adwokatura.pl www.staniszewski-kancelaria.pl E-poradaprawna Porada prawna bez wychodzenia z domu. Minimum formalno\u015bci. sprawd\u017a, od czego zacz\u0105\u0107 Bezp\u0142atna wycena windykacji Wyce\u0144 koszty odzyskania swojej wierzytelno\u015bci nie wychodz\u0105c z domu. Wype\u0142nij formularz<\/p>\n","protected":false},"author":1,"featured_media":0,"parent":0,"menu_order":0,"comment_status":"closed","ping_status":"open","template":"","meta":{"footnotes":""},"class_list":["post-80","page","type-page","status-publish","hentry"],"_links":{"self":[{"href":"https:\/\/www.staniszewski-kancelaria.pl\/blog\/wp-json\/wp\/v2\/pages\/80","targetHints":{"allow":["GET"]}}],"collection":[{"href":"https:\/\/www.staniszewski-kancelaria.pl\/blog\/wp-json\/wp\/v2\/pages"}],"about":[{"href":"https:\/\/www.staniszewski-kancelaria.pl\/blog\/wp-json\/wp\/v2\/types\/page"}],"author":[{"embeddable":true,"href":"https:\/\/www.staniszewski-kancelaria.pl\/blog\/wp-json\/wp\/v2\/users\/1"}],"replies":[{"embeddable":true,"href":"https:\/\/www.staniszewski-kancelaria.pl\/blog\/wp-json\/wp\/v2\/comments?post=80"}],"version-history":[{"count":23,"href":"https:\/\/www.staniszewski-kancelaria.pl\/blog\/wp-json\/wp\/v2\/pages\/80\/revisions"}],"predecessor-version":[{"id":4519,"href":"https:\/\/www.staniszewski-kancelaria.pl\/blog\/wp-json\/wp\/v2\/pages\/80\/revisions\/4519"}],"wp:attachment":[{"href":"https:\/\/www.staniszewski-kancelaria.pl\/blog\/wp-json\/wp\/v2\/media?parent=80"}],"curies":[{"name":"wp","href":"https:\/\/api.w.org\/{rel}","templated":true}]}}